{"id":1657,"date":"2026-02-11T09:24:02","date_gmt":"2026-02-11T08:24:02","guid":{"rendered":"https:\/\/skullerudtannlegesenter.no\/?page_id=1657"},"modified":"2026-02-11T09:29:37","modified_gmt":"2026-02-11T08:29:37","slug":"personvern","status":"publish","type":"page","link":"https:\/\/skullerudtannlegesenter.no\/en\/personvern\/","title":{"rendered":"Personvern"},"content":{"rendered":"<div data-elementor-type=\"wp-page\" data-elementor-id=\"1657\" class=\"elementor elementor-1657\" data-elementor-post-type=\"page\">\n\t\t\t\t<div class=\"elementor-element elementor-element-5c5af2f e-flex e-con-boxed e-con e-parent\" data-id=\"5c5af2f\" data-element_type=\"container\" data-e-type=\"container\" data-settings=\"{&quot;background_background&quot;:&quot;classic&quot;}\">\n\t\t\t\t\t<div class=\"e-con-inner\">\n\t\t<div class=\"elementor-element elementor-element-2c0bb55 e-con-full e-flex e-con e-child\" data-id=\"2c0bb55\" data-element_type=\"container\" data-e-type=\"container\">\n\t\t\t\t<div class=\"elementor-element elementor-element-cbf82fb elementor-widget elementor-widget-heading\" data-id=\"cbf82fb\" data-element_type=\"widget\" data-e-type=\"widget\" data-widget_type=\"heading.default\">\n\t\t\t\t\t<h1 class=\"elementor-heading-title elementor-size-default\">Personvern<\/h1>\t\t\t\t<\/div>\n\t\t\t\t<\/div>\n\t\t<div class=\"elementor-element elementor-element-1938532 e-con-full e-flex e-con e-child\" data-id=\"1938532\" data-element_type=\"container\" data-e-type=\"container\">\n\t\t<div class=\"elementor-element elementor-element-6115279 e-con-full e-flex e-con e-child\" data-id=\"6115279\" data-element_type=\"container\" data-e-type=\"container\">\n\t\t\t\t<div class=\"elementor-element elementor-element-4131d29 elementor-widget-divider--view-line elementor-widget elementor-widget-divider\" data-id=\"4131d29\" data-element_type=\"widget\" data-e-type=\"widget\" data-widget_type=\"divider.default\">\n\t\t\t\t\t\t\t<div class=\"elementor-divider\">\n\t\t\t<span class=\"elementor-divider-separator\">\n\t\t\t\t\t\t<\/span>\n\t\t<\/div>\n\t\t\t\t\t\t<\/div>\n\t\t\t\t<div class=\"elementor-element elementor-element-94d0e19 elementor-widget elementor-widget-heading\" data-id=\"94d0e19\" data-element_type=\"widget\" data-e-type=\"widget\" data-widget_type=\"heading.default\">\n\t\t\t\t\t<span class=\"elementor-heading-title elementor-size-default\">Velkommen<\/span>\t\t\t\t<\/div>\n\t\t\t\t<div class=\"elementor-element elementor-element-7ed3af5 elementor-widget-divider--view-line elementor-widget elementor-widget-divider\" data-id=\"7ed3af5\" data-element_type=\"widget\" data-e-type=\"widget\" data-widget_type=\"divider.default\">\n\t\t\t\t\t\t\t<div class=\"elementor-divider\">\n\t\t\t<span class=\"elementor-divider-separator\">\n\t\t\t\t\t\t<\/span>\n\t\t<\/div>\n\t\t\t\t\t\t<\/div>\n\t\t\t\t<\/div>\n\t\t\t\t<\/div>\n\t\t\t\t\t<\/div>\n\t\t\t\t<\/div>\n\t\t<div class=\"elementor-element elementor-element-4dedb15 e-flex e-con-boxed e-con e-parent\" data-id=\"4dedb15\" data-element_type=\"container\" data-e-type=\"container\">\n\t\t\t\t\t<div class=\"e-con-inner\">\n\t\t\t\t<div class=\"elementor-element elementor-element-ef562f6 elementor-widget elementor-widget-text-editor\" data-id=\"ef562f6\" data-element_type=\"widget\" data-e-type=\"widget\" data-widget_type=\"text-editor.default\">\n\t\t\t\t\t\t\t\t\t<p><b>Personvernerkl\u00e6ring for Skullerud Tannlegesenter og www.skullerudtannlegesenter.no<\/b><\/p><p><span style=\"font-weight: 400;\">Denne personvernerkl\u00e6ringen beskriver hva slags personopplysninger Skullerud Tannlegesenter samler inn og hvordan disse personopplysningene behandles.<\/span><\/p><p><span style=\"font-weight: 400;\">Skullerud Tannlegesenter forholder seg til den norske personopplysningsloven. Denne personvernerkl\u00e6ringen er laget etter kravene i personopplysningsloven \u00a7\u00a7 18 og 19.<\/span><\/p><p><b>Hva er personopplysninger<\/b><\/p><p><span style=\"font-weight: 400;\">Personopplysninger er informasjon om den enkelte person. Dette kan v\u00e6re personens navn, adresse, arbeidssted, sivilstatus, telefonnummer, e-post adresse osv. Informasjon om din kontakt, kontakt\u00e5rsak og kontaktform med Skullerud Tannlegesenter kan ogs\u00e5 forst\u00e5s som personopplysninger.<\/span><\/p><p><span style=\"font-weight: 400;\">Sensitive personopplysninger samles verken inn eller brukes av Skullerud Tannlegesenter. Dette er personopplysninger som siktelser, straffbare handlinger, helse og lignende.<\/span><\/p><p><span style=\"font-weight: 400;\">\u00d8nsker du mer informasjon om personopplysninger generelt kan https:\/\/www.datatilsynet.no\/om-personvern\/personopplysninger\/ bes\u00f8kes.<\/span><\/p><p><b>Hvem er behandlingsansvarlig for dine personopplysninger hos Skullerud Tannlegesenter<\/b><\/p><p><span style=\"font-weight: 400;\">Skullerud Tannlegesenters egen Office Manager er ansvarlig for virksomhetens behandling av personopplysninger. Ved eventuell framtidig delegering er det kun delegering av oppgavene som skjer, ansvaret for personopplysningene hviler uansett alltid p\u00e5 Skullerud Tannlegesenter.<\/span><\/p><p><b>Personopplysninger Skullerud Tannlegesenter mottar<\/b><\/p><p><span style=\"font-weight: 400;\">Skullerud Tannlegesenter har 2 kilder til personopplysninger som begge bygger p\u00e5 \u00a7 8 i personopplysningsloven.<\/span><\/p><p><span style=\"font-weight: 400;\">Hovedkilden for personopplysninger er opplysninger du selv oppgir. Dette skjer i all hovedsak gjennom kontaktskjemaet p\u00e5 Skullerud Tannlegesenter sin nettside. Kontaktskjemaet fungerer som m\u00f8teplassen mellom potensielle\/eksisterende kunder og Skullerud Tannlegesenter. Det er helt frivillig om du \u00f8nsker \u00e5 fylle ut et slikt skjema eller bare forbli passiv bes\u00f8kende p\u00e5 siden. Personopplysninger som samles inn via kontaktskjemaet er telefon, email og navn.<\/span><\/p><p><span style=\"font-weight: 400;\">I etterkant av kontaktskjemaet kan ytterligere personinformasjon bli generert gjennom e-post, telefon og lignende korrespondanse mellom Skullerud Tannlegesenter og deg som en potensiell\/eksisterende kunde.<\/span><\/p><p><span style=\"font-weight: 400;\">En annen kilde til personopplysninger er opplysninger Skullerud Tannlegesenter selv samler inn. Innsamlingen skjer gjennom Google Analytics. Den fanger opp hvor lenge du er p\u00e5 siden, IP-adressen, hvem linker du trykker og antall brukere p\u00e5 siden til ulike tider for \u00e5 nevne noe.<\/span><\/p><p><b>Hvordan Skullerud Tannlegesenter bruker personopplysningene<\/b><\/p><p><span style=\"font-weight: 400;\">Form\u00e5let med kontaktskjemaet og etterf\u00f8lgende korrespondanse er \u00e5 f\u00f8lge opp foresp\u00f8rsler og forpliktelser overfor kundene. Skullerud Tannlegesenter er avhengig av en slik \u00e5pen plattform mellom seg og sine kunder for \u00e5 sikre en tilfredsstillende kommunikasjon og sluttprodukt.<\/span><\/p><p><span style=\"font-weight: 400;\">Form\u00e5let med informasjonen fra Google Analytics er \u00e5 bedre nettsideopplevelsen. Dette kan for eksempel v\u00e6re \u00e5 gj\u00f8re layoutene mer brukervennlig, forst\u00e5 bruker trender, effektivisere og levere tjenestene som forventes p\u00e5 en bedre m\u00e5te og hindre kriminell adferd som hacking.<\/span><\/p><p><span style=\"font-weight: 400;\">Det rettslige grunnlaget for Skullerud Tannlegesenter sin behandling av personopplysningene er personopplysningsloven \u00a7 11.<\/span><\/p><p><b>Hvordan administrere egne personopplysninger<\/b><\/p><p><span style=\"font-weight: 400;\">Den begrensede mengden personopplysninger Skullerud Tannlegesenter samler inn via deg og p\u00e5 eget initiativ er sammenlignet med andre akt\u00f8rer og andre nettjenester sv\u00e6rt marginal. Dette har gjort at noen egen administrering av personopplysningene som for eksempel innstillinger i brukte apper og innstillinger i personalisert reklame ikke er aktuell hos oss. Personopplysningene innsamlet, brukes som nevnt ikke til slike form\u00e5l.<\/span><\/p><p><span style=\"font-weight: 400;\">Du har likevel alltid rettigheter knyttet til personopplysningene som du kan lese mer om nedenfor.<\/span><\/p><p><b>Informasjonsdeling med tredjeparter<\/b><\/p><p><span style=\"font-weight: 400;\">Skullerud Tannlegesenter deler ikke noe personinformasjon fra kontaktskjemaet, egne innsamlinger eller informasjon fra andre med noen tredjepart. Skulle slik utdeling likevel skje, vil du alltid f\u00e5 samtykke foresp\u00f8rsel fra oss.<\/span><\/p><p><b>Sikker arkivering, sletting og internkontroll<\/b><\/p><p><span style=\"font-weight: 400;\">I takt med personopplysningsloven \u00a7 13 vil alle personopplysninger Skullerud Tannlegesenter mottar bli arkivert p\u00e5 enten en sikker e-post eller server s\u00e5 lenge arbeidsforholdet mellom deg og Skullerud Tannlegesenter p\u00e5g\u00e5r. Ved opph\u00f8r i arbeidsforhold vil all kommunikasjon og personopplysninger slettes innen 2 \u00e5r.<\/span><\/p><p><span style=\"font-weight: 400;\">Skullerud Tannlegesenter har en internkontroll p\u00e5 slik arkivering, sikkerhet og sletting foreg\u00e5r etter m\u00e5l og i hold med rettslige standarder.<\/span><\/p><p><b>Rettigheter<\/b><\/p><p><span style=\"font-weight: 400;\">Av personopplysningsloven har du som bruker eller kunde av Skullerud Tannlegesenter rett til \u00e5 bli glemt, rett til dataportabilitet, rett til innsyn, og rett mot \u00e5 bli profilert.<\/span><\/p><p><span style=\"font-weight: 400;\">Retten til \u00e5 bli glemt betyr at alle personopplysninger registrert hos Skullerud Tannlegesenter kan be om \u00e5 slettes. Dersom dette ikke bes om vil Skullerud Tannlegesenter uansett slette det meste av personopplysninger 2 \u00e5r etter endt kontakt.<\/span><\/p><p><span style=\"font-weight: 400;\">Rett til dataportabilitet tilsier at du kan f\u00e5 en digital kopi av alle personopplysninger Skullerud Tannlegesenter har om deg. Denne retten inneb\u00e6rer ogs\u00e5 at du kan ta med disse personopplysningene til en annen virksomhet hvis det er teknisk mulig og forsvarlig. Personopplysninger som omfattes av dataportabilitet er personopplysninger gitt Skullerud Tannlegesenter, som gjennom kontaktskjemaet, eller automatiserte personopplysninger generert gjennom bruk av Skullerud Tannlegesenter sine tjenester.<\/span><\/p><p><span style=\"font-weight: 400;\">Rett til innsyn inneb\u00e6rer at du har rett til \u00e5 se hvilke opplysninger Skullerud Tannlegesenter har registrert om deg.<\/span><\/p><p><span style=\"font-weight: 400;\">Rett mot profilering gir rett til \u00e5 nekte Skullerud Tannlegesenter \u00e5 kartlegge din bruk og v\u00e6rem\u00e5te, og s\u00e5ledes skreddersy v\u00e5re tjenester mot deg basert p\u00e5 denne kartleggingen. Typiske eksempler vil v\u00e6re personalisert annonsering, tjenesteutvikling, markedsunders\u00f8kelser osv. Dette er likevel lite aktuelt ovenfor Skullerud Tannlegesenter n\u00e5r Skullerud Tannlegesenter i liten grad har interesse eller bruk for slik bredde og dybde kartlegging.<\/span><\/p><p><span style=\"font-weight: 400;\">For \u00e5 iverksette en eller flere av disse rettighetene, ta kontakt med oss. Du har lovgitt rett p\u00e5 \u00e5 f\u00e5 svar fra oss innen minst 1 m\u00e5ned.<\/span><\/p><p><b>Barns personvern<\/b><\/p><p><span style=\"font-weight: 400;\">Skullerud Tannlegesenter har verken \u00f8nske eller behov for \u00e5 samle inn eller behandle personopplysninger om barn under 16 \u00e5r. Slike personopplysninger m\u00e5 komme gjennom en foresatt.<\/span><\/p><p><span style=\"font-weight: 400;\">Personinformasjon etterlatt av barn til Skullerud Tannlegesenter vil slettes s\u00e5 raskt det kommer Skullerud Tannlegesenter til kunnskap.<\/span><\/p><p><b>Personvernombud<\/b><\/p><p><span style=\"font-weight: 400;\">Skullerud Tannlegesenter har ikke noe personvernombud siden bedriften ikke er en offentlig virksomhet, ikke behandler sensitive opplysninger, ikke beg\u00e5r systematisk kartlegging av personer og ikke behandler personopplysninger om straffbare forhold.<\/span><\/p><p><b>Gjennomf\u00f8ring av endringer<\/b><\/p><p><span style=\"font-weight: 400;\">Skullerud Tannlegesenter vil fra tid til annen oppdatere sin personvernerkl\u00e6ring for \u00e5 sikre at den holder den rettslige standarden norsk rett krever. Slike oppdateringer vil dere bli informert om.<\/span><\/p><p><b>Kontaktinformasjon<\/b><\/p><p><span style=\"font-weight: 400;\">Har du ytterligere sp\u00f8rsm\u00e5l om Skullerud Tannlegesenters personvernerkl\u00e6ring eller andre foresp\u00f8rsler kan du kontakte bedriften.<\/span><\/p><p><span style=\"font-weight: 400;\">Telefon: +47 921 22 222<\/span><\/p><p><span style=\"font-weight: 400;\">Mail:resepsjon@skullerudtannlegesenter.no<\/span><\/p>\t\t\t\t\t\t\t\t<\/div>\n\t\t\t\t\t<\/div>\n\t\t\t\t<\/div>\n\t\t\t\t<\/div>","protected":false},"excerpt":{"rendered":"<p>Personvern Velkommen Personvernerkl\u00e6ring for Skullerud Tannlegesenter og www.skullerudtannlegesenter.no Denne personvernerkl\u00e6ringen beskriver hva slags personopplysninger Skullerud Tannlegesenter samler inn og hvordan disse personopplysningene behandles. Skullerud Tannlegesenter forholder seg til den norske personopplysningsloven. Denne personvernerkl\u00e6ringen er laget etter kravene i personopplysningsloven \u00a7\u00a7 18 og 19. Hva er personopplysninger Personopplysninger er informasjon om den enkelte person. Dette kan [&hellip;]<\/p>\n","protected":false},"author":1,"featured_media":0,"parent":0,"menu_order":0,"comment_status":"closed","ping_status":"closed","template":"","meta":{"_acf_changed":false,"_yoast_wpseo_focuskw":"","_yoast_wpseo_title":"","_yoast_wpseo_metadesc":"","_yoast_wpseo_canonical":"","footnotes":""},"class_list":["post-1657","page","type-page","status-publish","hentry"],"acf":[],"yoast_head":"<!-- This site is optimized with the Yoast SEO Premium plugin v27.2 (Yoast SEO v27.2) - https:\/\/yoast.com\/product\/yoast-seo-premium-wordpress\/ -->\n<title>Personvern - Skullerud Tannlegesenter<\/title>\n<meta name=\"robots\" content=\"index, follow, max-snippet:-1, max-image-preview:large, max-video-preview:-1\" \/>\n<link rel=\"canonical\" href=\"https:\/\/skullerudtannlegesenter.no\/en\/personvern\/\" \/>\n<meta property=\"og:locale\" content=\"en_GB\" \/>\n<meta property=\"og:type\" content=\"article\" \/>\n<meta property=\"og:title\" content=\"Personvern\" \/>\n<meta property=\"og:description\" content=\"Personvern Velkommen Personvernerkl\u00e6ring for Skullerud Tannlegesenter og www.skullerudtannlegesenter.no Denne personvernerkl\u00e6ringen beskriver hva slags personopplysninger Skullerud Tannlegesenter samler inn og hvordan disse personopplysningene behandles. Skullerud Tannlegesenter forholder seg til den norske personopplysningsloven. Denne personvernerkl\u00e6ringen er laget etter kravene i personopplysningsloven \u00a7\u00a7 18 og 19. Hva er personopplysninger Personopplysninger er informasjon om den enkelte person. Dette kan [&hellip;]\" \/>\n<meta property=\"og:url\" content=\"https:\/\/skullerudtannlegesenter.no\/en\/personvern\/\" \/>\n<meta property=\"og:site_name\" content=\"Skullerud Tannlegesenter\" \/>\n<meta property=\"article:modified_time\" content=\"2026-02-11T08:29:37+00:00\" \/>\n<meta name=\"twitter:card\" content=\"summary_large_image\" \/>\n<meta name=\"twitter:label1\" content=\"Estimated reading time\" \/>\n\t<meta name=\"twitter:data1\" content=\"6 minutes\" \/>\n<script type=\"application\/ld+json\" class=\"yoast-schema-graph\">{\"@context\":\"https:\/\/schema.org\",\"@graph\":[{\"@type\":\"WebPage\",\"@id\":\"https:\/\/skullerudtannlegesenter.no\/personvern\/\",\"url\":\"https:\/\/skullerudtannlegesenter.no\/personvern\/\",\"name\":\"Personvern - Skullerud Tannlegesenter\",\"isPartOf\":{\"@id\":\"https:\/\/skullerudtannlegesenter.no\/#website\"},\"datePublished\":\"2026-02-11T08:24:02+00:00\",\"dateModified\":\"2026-02-11T08:29:37+00:00\",\"breadcrumb\":{\"@id\":\"https:\/\/skullerudtannlegesenter.no\/personvern\/#breadcrumb\"},\"inLanguage\":\"en-GB\",\"potentialAction\":[{\"@type\":\"ReadAction\",\"target\":[\"https:\/\/skullerudtannlegesenter.no\/personvern\/\"]}]},{\"@type\":\"BreadcrumbList\",\"@id\":\"https:\/\/skullerudtannlegesenter.no\/personvern\/#breadcrumb\",\"itemListElement\":[{\"@type\":\"ListItem\",\"position\":1,\"name\":\"Hjem\",\"item\":\"https:\/\/skullerudtannlegesenter.no\/\"},{\"@type\":\"ListItem\",\"position\":2,\"name\":\"Personvern\"}]},{\"@type\":\"WebSite\",\"@id\":\"https:\/\/skullerudtannlegesenter.no\/#website\",\"url\":\"https:\/\/skullerudtannlegesenter.no\/\",\"name\":\"Skullerud Tannlegesenter\",\"description\":\"Billig og bra tannlegesenter i Oslo\",\"publisher\":{\"@id\":\"https:\/\/skullerudtannlegesenter.no\/#organization\"},\"potentialAction\":[{\"@type\":\"SearchAction\",\"target\":{\"@type\":\"EntryPoint\",\"urlTemplate\":\"https:\/\/skullerudtannlegesenter.no\/?s={search_term_string}\"},\"query-input\":{\"@type\":\"PropertyValueSpecification\",\"valueRequired\":true,\"valueName\":\"search_term_string\"}}],\"inLanguage\":\"en-GB\"},{\"@type\":[\"Organization\",\"Place\"],\"@id\":\"https:\/\/skullerudtannlegesenter.no\/#organization\",\"name\":\"Skullerud Tannlegesenter\",\"url\":\"https:\/\/skullerudtannlegesenter.no\/\",\"logo\":{\"@id\":\"https:\/\/skullerudtannlegesenter.no\/personvern\/#local-main-organization-logo\"},\"image\":{\"@id\":\"https:\/\/skullerudtannlegesenter.no\/personvern\/#local-main-organization-logo\"},\"telephone\":[],\"openingHoursSpecification\":[{\"@type\":\"OpeningHoursSpecification\",\"dayOfWeek\":[\"Monday\",\"Tuesday\",\"Wednesday\",\"Thursday\",\"Friday\",\"Saturday\",\"Sunday\"],\"opens\":\"09:00\",\"closes\":\"17:00\"}]},{\"@type\":\"ImageObject\",\"inLanguage\":\"en-GB\",\"@id\":\"https:\/\/skullerudtannlegesenter.no\/personvern\/#local-main-organization-logo\",\"url\":\"https:\/\/skullerudtannlegesenter.no\/wp-content\/uploads\/2026\/01\/svgexport-1.png\",\"contentUrl\":\"https:\/\/skullerudtannlegesenter.no\/wp-content\/uploads\/2026\/01\/svgexport-1.png\",\"width\":1931,\"height\":1062,\"caption\":\"Skullerud Tannlegesenter\"}]}<\/script>\n<!-- \/ Yoast SEO Premium plugin. -->","yoast_head_json":{"title":"Personvern - Skullerud Tannlegesenter","robots":{"index":"index","follow":"follow","max-snippet":"max-snippet:-1","max-image-preview":"max-image-preview:large","max-video-preview":"max-video-preview:-1"},"canonical":"https:\/\/skullerudtannlegesenter.no\/en\/personvern\/","og_locale":"en_GB","og_type":"article","og_title":"Personvern","og_description":"Personvern Velkommen Personvernerkl\u00e6ring for Skullerud Tannlegesenter og www.skullerudtannlegesenter.no Denne personvernerkl\u00e6ringen beskriver hva slags personopplysninger Skullerud Tannlegesenter samler inn og hvordan disse personopplysningene behandles. Skullerud Tannlegesenter forholder seg til den norske personopplysningsloven. Denne personvernerkl\u00e6ringen er laget etter kravene i personopplysningsloven \u00a7\u00a7 18 og 19. Hva er personopplysninger Personopplysninger er informasjon om den enkelte person. Dette kan [&hellip;]","og_url":"https:\/\/skullerudtannlegesenter.no\/en\/personvern\/","og_site_name":"Skullerud Tannlegesenter","article_modified_time":"2026-02-11T08:29:37+00:00","twitter_card":"summary_large_image","twitter_misc":{"Estimated reading time":"6 minutes"},"schema":{"@context":"https:\/\/schema.org","@graph":[{"@type":"WebPage","@id":"https:\/\/skullerudtannlegesenter.no\/personvern\/","url":"https:\/\/skullerudtannlegesenter.no\/personvern\/","name":"Personvern - Skullerud Tannlegesenter","isPartOf":{"@id":"https:\/\/skullerudtannlegesenter.no\/#website"},"datePublished":"2026-02-11T08:24:02+00:00","dateModified":"2026-02-11T08:29:37+00:00","breadcrumb":{"@id":"https:\/\/skullerudtannlegesenter.no\/personvern\/#breadcrumb"},"inLanguage":"en-GB","potentialAction":[{"@type":"ReadAction","target":["https:\/\/skullerudtannlegesenter.no\/personvern\/"]}]},{"@type":"BreadcrumbList","@id":"https:\/\/skullerudtannlegesenter.no\/personvern\/#breadcrumb","itemListElement":[{"@type":"ListItem","position":1,"name":"Hjem","item":"https:\/\/skullerudtannlegesenter.no\/"},{"@type":"ListItem","position":2,"name":"Personvern"}]},{"@type":"WebSite","@id":"https:\/\/skullerudtannlegesenter.no\/#website","url":"https:\/\/skullerudtannlegesenter.no\/","name":"Skullerud Tannlegesenter","description":"Billig og bra tannlegesenter i Oslo","publisher":{"@id":"https:\/\/skullerudtannlegesenter.no\/#organization"},"potentialAction":[{"@type":"SearchAction","target":{"@type":"EntryPoint","urlTemplate":"https:\/\/skullerudtannlegesenter.no\/?s={search_term_string}"},"query-input":{"@type":"PropertyValueSpecification","valueRequired":true,"valueName":"search_term_string"}}],"inLanguage":"en-GB"},{"@type":["Organization","Place"],"@id":"https:\/\/skullerudtannlegesenter.no\/#organization","name":"Skullerud Tannlegesenter","url":"https:\/\/skullerudtannlegesenter.no\/","logo":{"@id":"https:\/\/skullerudtannlegesenter.no\/personvern\/#local-main-organization-logo"},"image":{"@id":"https:\/\/skullerudtannlegesenter.no\/personvern\/#local-main-organization-logo"},"telephone":[],"openingHoursSpecification":[{"@type":"OpeningHoursSpecification","dayOfWeek":["Monday","Tuesday","Wednesday","Thursday","Friday","Saturday","Sunday"],"opens":"09:00","closes":"17:00"}]},{"@type":"ImageObject","inLanguage":"en-GB","@id":"https:\/\/skullerudtannlegesenter.no\/personvern\/#local-main-organization-logo","url":"https:\/\/skullerudtannlegesenter.no\/wp-content\/uploads\/2026\/01\/svgexport-1.png","contentUrl":"https:\/\/skullerudtannlegesenter.no\/wp-content\/uploads\/2026\/01\/svgexport-1.png","width":1931,"height":1062,"caption":"Skullerud Tannlegesenter"}]}},"_links":{"self":[{"href":"https:\/\/skullerudtannlegesenter.no\/en\/wp-json\/wp\/v2\/pages\/1657","targetHints":{"allow":["GET"]}}],"collection":[{"href":"https:\/\/skullerudtannlegesenter.no\/en\/wp-json\/wp\/v2\/pages"}],"about":[{"href":"https:\/\/skullerudtannlegesenter.no\/en\/wp-json\/wp\/v2\/types\/page"}],"author":[{"embeddable":true,"href":"https:\/\/skullerudtannlegesenter.no\/en\/wp-json\/wp\/v2\/users\/1"}],"replies":[{"embeddable":true,"href":"https:\/\/skullerudtannlegesenter.no\/en\/wp-json\/wp\/v2\/comments?post=1657"}],"version-history":[{"count":5,"href":"https:\/\/skullerudtannlegesenter.no\/en\/wp-json\/wp\/v2\/pages\/1657\/revisions"}],"predecessor-version":[{"id":1666,"href":"https:\/\/skullerudtannlegesenter.no\/en\/wp-json\/wp\/v2\/pages\/1657\/revisions\/1666"}],"wp:attachment":[{"href":"https:\/\/skullerudtannlegesenter.no\/en\/wp-json\/wp\/v2\/media?parent=1657"}],"curies":[{"name":"wp","href":"https:\/\/api.w.org\/{rel}","templated":true}]}}