{"id":17,"date":"2026-01-12T14:39:50","date_gmt":"2026-01-12T13:39:50","guid":{"rendered":"https:\/\/skullerud.hornstaging.no\/?page_id=17"},"modified":"2026-01-15T10:28:06","modified_gmt":"2026-01-15T09:28:06","slug":"ressursbank","status":"publish","type":"page","link":"https:\/\/skullerudtannlegesenter.no\/en\/ressursbank\/","title":{"rendered":"Ressursbank"},"content":{"rendered":"<div data-elementor-type=\"wp-page\" data-elementor-id=\"17\" class=\"elementor elementor-17\" data-elementor-post-type=\"page\">\n\t\t\t\t<div class=\"elementor-element elementor-element-ed73035 e-flex e-con-boxed e-con e-parent\" data-id=\"ed73035\" data-element_type=\"container\" data-e-type=\"container\" data-settings=\"{&quot;background_background&quot;:&quot;classic&quot;,&quot;background_motion_fx_motion_fx_mouse&quot;:&quot;yes&quot;,&quot;background_motion_fx_mouseTrack_effect&quot;:&quot;yes&quot;,&quot;background_motion_fx_mouseTrack_direction&quot;:&quot;negative&quot;,&quot;background_motion_fx_mouseTrack_speed&quot;:{&quot;unit&quot;:&quot;px&quot;,&quot;size&quot;:0.3,&quot;sizes&quot;:[]}}\">\n\t\t\t\t\t<div class=\"e-con-inner\">\n\t\t<div class=\"elementor-element elementor-element-0c15580 e-con-full e-flex e-con e-child\" data-id=\"0c15580\" data-element_type=\"container\" data-e-type=\"container\">\n\t\t\t\t<div class=\"elementor-element elementor-element-2549318 elementor-widget elementor-widget-heading\" data-id=\"2549318\" data-element_type=\"widget\" data-e-type=\"widget\" data-widget_type=\"heading.default\">\n\t\t\t\t\t<h1 class=\"elementor-heading-title elementor-size-default\">Resursbank<\/h1>\t\t\t\t<\/div>\n\t\t\t\t<\/div>\n\t\t<div class=\"elementor-element elementor-element-6d647a8 e-con-full e-flex e-con e-child\" data-id=\"6d647a8\" data-element_type=\"container\" data-e-type=\"container\">\n\t\t<div class=\"elementor-element elementor-element-3ab47ee e-con-full e-flex e-con e-child\" data-id=\"3ab47ee\" data-element_type=\"container\" data-e-type=\"container\">\n\t\t\t\t<div class=\"elementor-element elementor-element-255094e elementor-widget-divider--view-line elementor-widget elementor-widget-divider\" data-id=\"255094e\" data-element_type=\"widget\" data-e-type=\"widget\" data-widget_type=\"divider.default\">\n\t\t\t\t\t\t\t<div class=\"elementor-divider\">\n\t\t\t<span class=\"elementor-divider-separator\">\n\t\t\t\t\t\t<\/span>\n\t\t<\/div>\n\t\t\t\t\t\t<\/div>\n\t\t\t\t<div class=\"elementor-element elementor-element-8d8a232 elementor-widget elementor-widget-heading\" data-id=\"8d8a232\" data-element_type=\"widget\" data-e-type=\"widget\" data-widget_type=\"heading.default\">\n\t\t\t\t\t<span class=\"elementor-heading-title elementor-size-default\">Velkommen<\/span>\t\t\t\t<\/div>\n\t\t\t\t<div class=\"elementor-element elementor-element-7c1eb9a elementor-widget-divider--view-line elementor-widget elementor-widget-divider\" data-id=\"7c1eb9a\" data-element_type=\"widget\" data-e-type=\"widget\" data-widget_type=\"divider.default\">\n\t\t\t\t\t\t\t<div class=\"elementor-divider\">\n\t\t\t<span class=\"elementor-divider-separator\">\n\t\t\t\t\t\t<\/span>\n\t\t<\/div>\n\t\t\t\t\t\t<\/div>\n\t\t\t\t<\/div>\n\t\t\t\t<div class=\"elementor-element elementor-element-3fad7f9 elementor-widget elementor-widget-text-editor\" data-id=\"3fad7f9\" data-element_type=\"widget\" data-e-type=\"widget\" data-widget_type=\"text-editor.default\">\n\t\t\t\t\t\t\t\t\t<p>Kj\u00f8p n\u00e5, og betal senere<\/p>\t\t\t\t\t\t\t\t<\/div>\n\t\t\t\t<\/div>\n\t\t\t\t\t<\/div>\n\t\t\t\t<\/div>\n\t\t<div class=\"elementor-element elementor-element-34fd4ea e-flex e-con-boxed e-con e-parent\" data-id=\"34fd4ea\" data-element_type=\"container\" data-e-type=\"container\" data-settings=\"{&quot;background_background&quot;:&quot;classic&quot;}\">\n\t\t\t\t\t<div class=\"e-con-inner\">\n\t\t\t\t<div class=\"elementor-element elementor-element-85d1bc9 elementor-widget elementor-widget-text-editor\" data-id=\"85d1bc9\" data-element_type=\"widget\" data-e-type=\"widget\" data-widget_type=\"text-editor.default\">\n\t\t\t\t\t\t\t\t\t<p>Med tannlegekonto gir vi deg mulighet til \u00e5 velge hvordan du vil betale. N\u00e5r du mottar f\u00f8rste faktura, kan du velge \u00e5 betale med en gang eller dele opp over flere m\u00e5neder. Vi tilbyr alltid 30-60 dager kostnadsfri kreditt, noe som betyr at du kan vente minst en m\u00e5ned med \u00e5 betale.<\/p><h2>Slik fungerer det<\/h2><ul role=\"list\"><li>F\u00f8rste faktura sendes ut m\u00e5neden etter kj\u00f8pet<\/li><li>Mulighet til \u00e5 deletale hele kj\u00f8psbel\u00f8pet uten nominell rente i opptil 12md<\/li><li>Kredittgrense opp til 50.000kr<\/li><\/ul><h2>Ditt valg<\/h2><p>Om du vil dele opp betalingen uten nominell rente, eller betale fakturaen i sin helhet, bestemmer du selv. Dette kaller vi valgfrihet.<\/p><h2>S\u00f8k via mobiltelefon<\/h2><p>Det er enkelt \u00e5 s\u00f8ke om konto. Send SMS\u00a0<strong>Tannlegekonto<\/strong>\u00a0til\u00a0<strong>27700<\/strong>\u00a0og f\u00e5r svar i l\u00f8pet av f\u00e5 minutter.<\/p><p>Du kan ogs\u00e5 kontakte butikkpersonalet, s\u00e5 hjelper de deg med kontoen, faktura eller delbetaling.<\/p><h2>Hvor mye koster det?<\/h2><p>Eksempel: Handle for 15.000kr<\/p><p>Ordin\u00e6r m\u00e5nedsbel\u00f8p 1.295kr<\/p><p>Delbetalinger 12. stk<\/p><p>Etableringsgebyr: 497kr<\/p><p>Adm.gebyr\/mnd: 45kr<\/p><p>Nominell rente: 0%<\/p><p>Effektiv rente: 12.45%<\/p><p>Betalt totalt: 16.037kr<\/p><h2>Mer informasjon?<\/h2><p>Har du sp\u00f8rsm\u00e5l? P\u00e5\u00a0<span style=\"text-decoration: underline;\"><a href=\"http:\/\/ressursbank.no\/\" target=\"_blank\" rel=\"noopener\">resursbank.no<\/a><\/span>\u00a0kan du lese mer om v\u00e5re tjenester og vilk\u00e5r. Du kan ogs\u00e5 ringe kundeservice p\u00e5 22 56 37 33. Vi har \u00e5pent p\u00e5 hverdager kl. 09:00 &#8211; 17:00.<\/p>\t\t\t\t\t\t\t\t<\/div>\n\t\t\t\t\t<\/div>\n\t\t\t\t<\/div>\n\t\t<div class=\"elementor-element elementor-element-f7048c4 e-con-full e-flex e-con e-parent\" data-id=\"f7048c4\" data-element_type=\"container\" data-e-type=\"container\">\n\t\t\t\t<div class=\"elementor-element elementor-element-621fe70 elementor-widget elementor-widget-shortcode\" data-id=\"621fe70\" data-element_type=\"widget\" data-e-type=\"widget\" data-widget_type=\"shortcode.default\">\n\t\t\t\t\t\t\t<div class=\"elementor-shortcode\">\t\t<div data-elementor-type=\"section\" data-elementor-id=\"353\" class=\"elementor elementor-353\" data-elementor-post-type=\"elementor_library\">\n\t\t\t<div class=\"elementor-element elementor-element-dd263e7 e-con-full e-flex e-con e-parent\" data-id=\"dd263e7\" data-element_type=\"container\" data-e-type=\"container\">\n\t\t<div class=\"elementor-element elementor-element-0473ffe e-con-full e-flex e-con e-child\" data-id=\"0473ffe\" data-element_type=\"container\" data-e-type=\"container\" data-settings=\"{&quot;background_background&quot;:&quot;classic&quot;}\">\n\t\t<div class=\"elementor-element elementor-element-c165a23 e-con-full e-flex e-con e-child\" data-id=\"c165a23\" data-element_type=\"container\" data-e-type=\"container\">\n\t\t<div class=\"elementor-element elementor-element-4677950 e-flex e-con-boxed e-con e-child\" data-id=\"4677950\" data-element_type=\"container\" data-e-type=\"container\" data-settings=\"{&quot;background_background&quot;:&quot;classic&quot;}\">\n\t\t\t\t\t<div class=\"e-con-inner\">\n\t\t<div class=\"elementor-element elementor-element-f66a08e e-grid e-con-boxed e-con e-child\" data-id=\"f66a08e\" data-element_type=\"container\" data-e-type=\"container\">\n\t\t\t\t\t<div class=\"e-con-inner\">\n\t\t<div class=\"elementor-element elementor-element-2a69273 e-con-full e-flex e-con e-child\" data-id=\"2a69273\" data-element_type=\"container\" data-e-type=\"container\">\n\t\t\t\t<div class=\"elementor-element elementor-element-b2044cd elementor-widget__width-initial elementor-widget-mobile__width-inherit elementor-widget elementor-widget-heading\" data-id=\"b2044cd\" data-element_type=\"widget\" data-e-type=\"widget\" data-widget_type=\"heading.default\">\n\t\t\t\t\t<h2 class=\"elementor-heading-title elementor-size-default\">Bestill din tannlegetime n\u00e5<\/h2>\t\t\t\t<\/div>\n\t\t\t\t<\/div>\n\t\t<div class=\"elementor-element elementor-element-03363d3 e-con-full e-flex e-con e-child\" data-id=\"03363d3\" data-element_type=\"container\" data-e-type=\"container\">\n\t\t\t\t<div class=\"elementor-element elementor-element-557da5c elementor-widget__width-initial elementor-widget-tablet__width-inherit elementor-widget elementor-widget-heading\" data-id=\"557da5c\" data-element_type=\"widget\" data-e-type=\"widget\" data-widget_type=\"heading.default\">\n\t\t\t\t\t<p class=\"elementor-heading-title elementor-size-default\">Bestill tannlegetime ved hjelp av v\u00e5rt bestillingsskjema eller online l\u00f8sning.<\/p>\t\t\t\t<\/div>\n\t\t\t\t<\/div>\n\t\t<div class=\"elementor-element elementor-element-07bf62a e-con-full e-flex e-con e-child\" data-id=\"07bf62a\" data-element_type=\"container\" data-e-type=\"container\">\n\t\t\t\t<div class=\"elementor-element elementor-element-eb9b9d7 elementor-align-center elementor-widget elementor-widget-button\" data-id=\"eb9b9d7\" data-element_type=\"widget\" data-e-type=\"widget\" data-widget_type=\"button.default\">\n\t\t\t\t\t\t\t\t\t\t<a class=\"elementor-button elementor-button-link elementor-size-sm\" href=\"\/en\/kontakt\/\">\n\t\t\t\t\t\t<span class=\"elementor-button-content-wrapper\">\n\t\t\t\t\t\t\t\t\t<span class=\"elementor-button-text\">Bestill time<\/span>\n\t\t\t\t\t<\/span>\n\t\t\t\t\t<\/a>\n\t\t\t\t\t\t\t\t<\/div>\n\t\t\t\t<\/div>\n\t\t\t\t\t<\/div>\n\t\t\t\t<\/div>\n\t\t\t\t\t<\/div>\n\t\t\t\t<\/div>\n\t\t\t\t<\/div>\n\t\t\t\t<\/div>\n\t\t\t\t<\/div>\n\t\t\t\t<\/div>\n\t\t<\/div>\n\t\t\t\t\t\t<\/div>\n\t\t\t\t<\/div>\n\t\t\t\t<\/div>","protected":false},"excerpt":{"rendered":"<p>Resursbank Velkommen Kj\u00f8p n\u00e5, og betal senere Med tannlegekonto gir vi deg mulighet til \u00e5 velge hvordan du vil betale. N\u00e5r du mottar f\u00f8rste faktura, kan du velge \u00e5 betale med en gang eller dele opp over flere m\u00e5neder. Vi tilbyr alltid 30-60 dager kostnadsfri kreditt, noe som betyr at du kan vente minst en [&hellip;]<\/p>\n","protected":false},"author":1,"featured_media":182,"parent":0,"menu_order":0,"comment_status":"closed","ping_status":"closed","template":"","meta":{"_acf_changed":false,"_yoast_wpseo_focuskw":"ressursbank","_yoast_wpseo_title":"Ressursbank | Skullerud Tannlegesenter","_yoast_wpseo_metadesc":"Hos skullerud Tannlegesenter kan du kj\u00f8pe n\u00e5, og betale senere!","_yoast_wpseo_canonical":"","footnotes":""},"class_list":["post-17","page","type-page","status-publish","has-post-thumbnail","hentry"],"acf":[],"yoast_head":"<!-- This site is optimized with the Yoast SEO Premium plugin v27.2 (Yoast SEO v27.2) - https:\/\/yoast.com\/product\/yoast-seo-premium-wordpress\/ -->\n<title>Ressursbank | Skullerud Tannlegesenter<\/title>\n<meta name=\"description\" content=\"Hos skullerud Tannlegesenter kan du kj\u00f8pe n\u00e5, og betale senere!\" \/>\n<meta name=\"robots\" content=\"index, follow, max-snippet:-1, max-image-preview:large, max-video-preview:-1\" \/>\n<link rel=\"canonical\" href=\"https:\/\/skullerud.hornstaging.no\/ressursbank\/\" \/>\n<meta property=\"og:locale\" content=\"en_GB\" \/>\n<meta property=\"og:type\" content=\"article\" \/>\n<meta property=\"og:title\" content=\"Ressursbank\" \/>\n<meta property=\"og:description\" content=\"Hos skullerud Tannlegesenter kan du kj\u00f8pe n\u00e5, og betale senere!\" \/>\n<meta property=\"og:url\" content=\"https:\/\/skullerud.hornstaging.no\/ressursbank\/\" \/>\n<meta property=\"og:site_name\" content=\"Skullerud Tannlegesenter\" \/>\n<meta property=\"article:modified_time\" content=\"2026-01-15T09:28:06+00:00\" \/>\n<meta property=\"og:image\" content=\"https:\/\/skullerud.hornstaging.no\/wp-content\/uploads\/2026\/01\/65a8f45b5b0c95978e4c5bc6_Skullerud-open.png\" \/>\n\t<meta property=\"og:image:width\" content=\"1200\" \/>\n\t<meta property=\"og:image:height\" content=\"625\" \/>\n\t<meta property=\"og:image:type\" content=\"image\/png\" \/>\n<meta name=\"twitter:card\" content=\"summary_large_image\" \/>\n<meta name=\"twitter:label1\" content=\"Estimated reading time\" \/>\n\t<meta name=\"twitter:data1\" content=\"2 minutes\" \/>\n<script type=\"application\/ld+json\" class=\"yoast-schema-graph\">{\"@context\":\"https:\/\/schema.org\",\"@graph\":[{\"@type\":\"WebPage\",\"@id\":\"https:\/\/skullerud.hornstaging.no\/ressursbank\/\",\"url\":\"https:\/\/skullerud.hornstaging.no\/ressursbank\/\",\"name\":\"Ressursbank | Skullerud Tannlegesenter\",\"isPartOf\":{\"@id\":\"https:\/\/skullerudtannlegesenter.no\/#website\"},\"primaryImageOfPage\":{\"@id\":\"https:\/\/skullerud.hornstaging.no\/ressursbank\/#primaryimage\"},\"image\":{\"@id\":\"https:\/\/skullerud.hornstaging.no\/ressursbank\/#primaryimage\"},\"thumbnailUrl\":\"https:\/\/skullerudtannlegesenter.no\/wp-content\/uploads\/2026\/01\/65a8f45b5b0c95978e4c5bc6_Skullerud-open.png\",\"datePublished\":\"2026-01-12T13:39:50+00:00\",\"dateModified\":\"2026-01-15T09:28:06+00:00\",\"description\":\"Hos skullerud Tannlegesenter kan du kj\u00f8pe n\u00e5, og betale senere!\",\"breadcrumb\":{\"@id\":\"https:\/\/skullerud.hornstaging.no\/ressursbank\/#breadcrumb\"},\"inLanguage\":\"en-GB\",\"potentialAction\":[{\"@type\":\"ReadAction\",\"target\":[\"https:\/\/skullerud.hornstaging.no\/ressursbank\/\"]}]},{\"@type\":\"ImageObject\",\"inLanguage\":\"en-GB\",\"@id\":\"https:\/\/skullerud.hornstaging.no\/ressursbank\/#primaryimage\",\"url\":\"https:\/\/skullerudtannlegesenter.no\/wp-content\/uploads\/2026\/01\/65a8f45b5b0c95978e4c5bc6_Skullerud-open.png\",\"contentUrl\":\"https:\/\/skullerudtannlegesenter.no\/wp-content\/uploads\/2026\/01\/65a8f45b5b0c95978e4c5bc6_Skullerud-open.png\",\"width\":1200,\"height\":625},{\"@type\":\"BreadcrumbList\",\"@id\":\"https:\/\/skullerud.hornstaging.no\/ressursbank\/#breadcrumb\",\"itemListElement\":[{\"@type\":\"ListItem\",\"position\":1,\"name\":\"Hjem\",\"item\":\"https:\/\/skullerudtannlegesenter.no\/\"},{\"@type\":\"ListItem\",\"position\":2,\"name\":\"Ressursbank\"}]},{\"@type\":\"WebSite\",\"@id\":\"https:\/\/skullerudtannlegesenter.no\/#website\",\"url\":\"https:\/\/skullerudtannlegesenter.no\/\",\"name\":\"Skullerud Tannlegesenter\",\"description\":\"Billig og bra tannlegesenter i Oslo\",\"publisher\":{\"@id\":\"https:\/\/skullerudtannlegesenter.no\/#organization\"},\"potentialAction\":[{\"@type\":\"SearchAction\",\"target\":{\"@type\":\"EntryPoint\",\"urlTemplate\":\"https:\/\/skullerudtannlegesenter.no\/?s={search_term_string}\"},\"query-input\":{\"@type\":\"PropertyValueSpecification\",\"valueRequired\":true,\"valueName\":\"search_term_string\"}}],\"inLanguage\":\"en-GB\"},{\"@type\":[\"Organization\",\"Place\"],\"@id\":\"https:\/\/skullerudtannlegesenter.no\/#organization\",\"name\":\"Skullerud Tannlegesenter\",\"url\":\"https:\/\/skullerudtannlegesenter.no\/\",\"logo\":{\"@id\":\"https:\/\/skullerud.hornstaging.no\/ressursbank\/#local-main-organization-logo\"},\"image\":{\"@id\":\"https:\/\/skullerud.hornstaging.no\/ressursbank\/#local-main-organization-logo\"},\"telephone\":[],\"openingHoursSpecification\":[{\"@type\":\"OpeningHoursSpecification\",\"dayOfWeek\":[\"Monday\",\"Tuesday\",\"Wednesday\",\"Thursday\",\"Friday\",\"Saturday\",\"Sunday\"],\"opens\":\"09:00\",\"closes\":\"17:00\"}]},{\"@type\":\"ImageObject\",\"inLanguage\":\"en-GB\",\"@id\":\"https:\/\/skullerud.hornstaging.no\/ressursbank\/#local-main-organization-logo\",\"url\":\"https:\/\/skullerudtannlegesenter.no\/wp-content\/uploads\/2026\/01\/svgexport-1.png\",\"contentUrl\":\"https:\/\/skullerudtannlegesenter.no\/wp-content\/uploads\/2026\/01\/svgexport-1.png\",\"width\":1931,\"height\":1062,\"caption\":\"Skullerud Tannlegesenter\"}]}<\/script>\n<!-- \/ Yoast SEO Premium plugin. -->","yoast_head_json":{"title":"Ressursbank | Skullerud Tannlegesenter","description":"Hos skullerud Tannlegesenter kan du kj\u00f8pe n\u00e5, og betale senere!","robots":{"index":"index","follow":"follow","max-snippet":"max-snippet:-1","max-image-preview":"max-image-preview:large","max-video-preview":"max-video-preview:-1"},"canonical":"https:\/\/skullerud.hornstaging.no\/ressursbank\/","og_locale":"en_GB","og_type":"article","og_title":"Ressursbank","og_description":"Hos skullerud Tannlegesenter kan du kj\u00f8pe n\u00e5, og betale senere!","og_url":"https:\/\/skullerud.hornstaging.no\/ressursbank\/","og_site_name":"Skullerud Tannlegesenter","article_modified_time":"2026-01-15T09:28:06+00:00","og_image":[{"width":1200,"height":625,"url":"https:\/\/skullerud.hornstaging.no\/wp-content\/uploads\/2026\/01\/65a8f45b5b0c95978e4c5bc6_Skullerud-open.png","type":"image\/png"}],"twitter_card":"summary_large_image","twitter_misc":{"Estimated reading time":"2 minutes"},"schema":{"@context":"https:\/\/schema.org","@graph":[{"@type":"WebPage","@id":"https:\/\/skullerud.hornstaging.no\/ressursbank\/","url":"https:\/\/skullerud.hornstaging.no\/ressursbank\/","name":"Ressursbank | Skullerud Tannlegesenter","isPartOf":{"@id":"https:\/\/skullerudtannlegesenter.no\/#website"},"primaryImageOfPage":{"@id":"https:\/\/skullerud.hornstaging.no\/ressursbank\/#primaryimage"},"image":{"@id":"https:\/\/skullerud.hornstaging.no\/ressursbank\/#primaryimage"},"thumbnailUrl":"https:\/\/skullerudtannlegesenter.no\/wp-content\/uploads\/2026\/01\/65a8f45b5b0c95978e4c5bc6_Skullerud-open.png","datePublished":"2026-01-12T13:39:50+00:00","dateModified":"2026-01-15T09:28:06+00:00","description":"Hos skullerud Tannlegesenter kan du kj\u00f8pe n\u00e5, og betale senere!","breadcrumb":{"@id":"https:\/\/skullerud.hornstaging.no\/ressursbank\/#breadcrumb"},"inLanguage":"en-GB","potentialAction":[{"@type":"ReadAction","target":["https:\/\/skullerud.hornstaging.no\/ressursbank\/"]}]},{"@type":"ImageObject","inLanguage":"en-GB","@id":"https:\/\/skullerud.hornstaging.no\/ressursbank\/#primaryimage","url":"https:\/\/skullerudtannlegesenter.no\/wp-content\/uploads\/2026\/01\/65a8f45b5b0c95978e4c5bc6_Skullerud-open.png","contentUrl":"https:\/\/skullerudtannlegesenter.no\/wp-content\/uploads\/2026\/01\/65a8f45b5b0c95978e4c5bc6_Skullerud-open.png","width":1200,"height":625},{"@type":"BreadcrumbList","@id":"https:\/\/skullerud.hornstaging.no\/ressursbank\/#breadcrumb","itemListElement":[{"@type":"ListItem","position":1,"name":"Hjem","item":"https:\/\/skullerudtannlegesenter.no\/"},{"@type":"ListItem","position":2,"name":"Ressursbank"}]},{"@type":"WebSite","@id":"https:\/\/skullerudtannlegesenter.no\/#website","url":"https:\/\/skullerudtannlegesenter.no\/","name":"Skullerud Tannlegesenter","description":"Billig og bra tannlegesenter i Oslo","publisher":{"@id":"https:\/\/skullerudtannlegesenter.no\/#organization"},"potentialAction":[{"@type":"SearchAction","target":{"@type":"EntryPoint","urlTemplate":"https:\/\/skullerudtannlegesenter.no\/?s={search_term_string}"},"query-input":{"@type":"PropertyValueSpecification","valueRequired":true,"valueName":"search_term_string"}}],"inLanguage":"en-GB"},{"@type":["Organization","Place"],"@id":"https:\/\/skullerudtannlegesenter.no\/#organization","name":"Skullerud Tannlegesenter","url":"https:\/\/skullerudtannlegesenter.no\/","logo":{"@id":"https:\/\/skullerud.hornstaging.no\/ressursbank\/#local-main-organization-logo"},"image":{"@id":"https:\/\/skullerud.hornstaging.no\/ressursbank\/#local-main-organization-logo"},"telephone":[],"openingHoursSpecification":[{"@type":"OpeningHoursSpecification","dayOfWeek":["Monday","Tuesday","Wednesday","Thursday","Friday","Saturday","Sunday"],"opens":"09:00","closes":"17:00"}]},{"@type":"ImageObject","inLanguage":"en-GB","@id":"https:\/\/skullerud.hornstaging.no\/ressursbank\/#local-main-organization-logo","url":"https:\/\/skullerudtannlegesenter.no\/wp-content\/uploads\/2026\/01\/svgexport-1.png","contentUrl":"https:\/\/skullerudtannlegesenter.no\/wp-content\/uploads\/2026\/01\/svgexport-1.png","width":1931,"height":1062,"caption":"Skullerud Tannlegesenter"}]}},"_links":{"self":[{"href":"https:\/\/skullerudtannlegesenter.no\/en\/wp-json\/wp\/v2\/pages\/17","targetHints":{"allow":["GET"]}}],"collection":[{"href":"https:\/\/skullerudtannlegesenter.no\/en\/wp-json\/wp\/v2\/pages"}],"about":[{"href":"https:\/\/skullerudtannlegesenter.no\/en\/wp-json\/wp\/v2\/types\/page"}],"author":[{"embeddable":true,"href":"https:\/\/skullerudtannlegesenter.no\/en\/wp-json\/wp\/v2\/users\/1"}],"replies":[{"embeddable":true,"href":"https:\/\/skullerudtannlegesenter.no\/en\/wp-json\/wp\/v2\/comments?post=17"}],"version-history":[{"count":5,"href":"https:\/\/skullerudtannlegesenter.no\/en\/wp-json\/wp\/v2\/pages\/17\/revisions"}],"predecessor-version":[{"id":796,"href":"https:\/\/skullerudtannlegesenter.no\/en\/wp-json\/wp\/v2\/pages\/17\/revisions\/796"}],"wp:featuredmedia":[{"embeddable":true,"href":"https:\/\/skullerudtannlegesenter.no\/en\/wp-json\/wp\/v2\/media\/182"}],"wp:attachment":[{"href":"https:\/\/skullerudtannlegesenter.no\/en\/wp-json\/wp\/v2\/media?parent=17"}],"curies":[{"name":"wp","href":"https:\/\/api.w.org\/{rel}","templated":true}]}}