{"id":25,"date":"2026-01-12T14:40:14","date_gmt":"2026-01-12T13:40:14","guid":{"rendered":"https:\/\/skullerud.hornstaging.no\/?page_id=25"},"modified":"2026-01-14T16:51:28","modified_gmt":"2026-01-14T15:51:28","slug":"clinics","status":"publish","type":"page","link":"https:\/\/skullerudtannlegesenter.no\/pl\/clinics\/","title":{"rendered":"Klinikker"},"content":{"rendered":"<div data-elementor-type=\"wp-page\" data-elementor-id=\"25\" class=\"elementor elementor-25\" data-elementor-post-type=\"page\">\n\t\t\t\t<div class=\"elementor-element elementor-element-8a2b243 e-flex e-con-boxed e-con e-parent\" data-id=\"8a2b243\" data-element_type=\"container\" data-e-type=\"container\" data-settings=\"{&quot;background_background&quot;:&quot;classic&quot;}\">\n\t\t\t\t\t<div class=\"e-con-inner\">\n\t\t<div class=\"elementor-element elementor-element-ee32237 e-grid e-con-full e-con e-child\" data-id=\"ee32237\" data-element_type=\"container\" data-e-type=\"container\">\n\t\t<a class=\"elementor-element elementor-element-1e8896f e-con-full e-transform e-transform e-flex e-con e-child\" data-id=\"1e8896f\" data-element_type=\"container\" data-e-type=\"container\" data-settings=\"{&quot;_transform_scale_effect&quot;:{&quot;unit&quot;:&quot;px&quot;,&quot;size&quot;:1,&quot;sizes&quot;:[]},&quot;_transform_scale_effect_hover&quot;:{&quot;unit&quot;:&quot;px&quot;,&quot;size&quot;:1.02,&quot;sizes&quot;:[]},&quot;_transform_scale_effect_tablet&quot;:{&quot;unit&quot;:&quot;px&quot;,&quot;size&quot;:&quot;&quot;,&quot;sizes&quot;:[]},&quot;_transform_scale_effect_mobile&quot;:{&quot;unit&quot;:&quot;px&quot;,&quot;size&quot;:&quot;&quot;,&quot;sizes&quot;:[]},&quot;_transform_scale_effect_hover_tablet&quot;:{&quot;unit&quot;:&quot;px&quot;,&quot;size&quot;:&quot;&quot;,&quot;sizes&quot;:[]},&quot;_transform_scale_effect_hover_mobile&quot;:{&quot;unit&quot;:&quot;px&quot;,&quot;size&quot;:&quot;&quot;,&quot;sizes&quot;:[]}}\" href=\"\/pl\/kontakt\/\">\n\t\t\t\t<div class=\"elementor-element elementor-element-e093d42 elementor-widget elementor-widget-heading\" data-id=\"e093d42\" data-element_type=\"widget\" data-e-type=\"widget\" data-widget_type=\"heading.default\">\n\t\t\t\t\t<h2 class=\"elementor-heading-title elementor-size-default\">Skullerud Tannlegesenter<\/h2>\t\t\t\t<\/div>\n\t\t\t\t<\/a>\n\t\t<a class=\"elementor-element elementor-element-6bfa852 e-con-full e-transform e-transform e-flex e-con e-child\" data-id=\"6bfa852\" data-element_type=\"container\" data-e-type=\"container\" data-settings=\"{&quot;_transform_scale_effect&quot;:{&quot;unit&quot;:&quot;px&quot;,&quot;size&quot;:1,&quot;sizes&quot;:[]},&quot;_transform_scale_effect_hover&quot;:{&quot;unit&quot;:&quot;px&quot;,&quot;size&quot;:1.02,&quot;sizes&quot;:[]},&quot;_transform_scale_effect_tablet&quot;:{&quot;unit&quot;:&quot;px&quot;,&quot;size&quot;:&quot;&quot;,&quot;sizes&quot;:[]},&quot;_transform_scale_effect_mobile&quot;:{&quot;unit&quot;:&quot;px&quot;,&quot;size&quot;:&quot;&quot;,&quot;sizes&quot;:[]},&quot;_transform_scale_effect_hover_tablet&quot;:{&quot;unit&quot;:&quot;px&quot;,&quot;size&quot;:&quot;&quot;,&quot;sizes&quot;:[]},&quot;_transform_scale_effect_hover_mobile&quot;:{&quot;unit&quot;:&quot;px&quot;,&quot;size&quot;:&quot;&quot;,&quot;sizes&quot;:[]}}\" href=\"https:\/\/www.kolbotntannklinikk.no\/\" target=\"_blank\">\n\t\t\t\t<div class=\"elementor-element elementor-element-ae520c4 elementor-widget elementor-widget-heading\" data-id=\"ae520c4\" data-element_type=\"widget\" data-e-type=\"widget\" data-widget_type=\"heading.default\">\n\t\t\t\t\t<h2 class=\"elementor-heading-title elementor-size-default\">Kolbotn Tannklinikk<\/h2>\t\t\t\t<\/div>\n\t\t\t\t<\/a>\n\t\t\t\t<\/div>\n\t\t\t\t\t<\/div>\n\t\t\t\t<\/div>\n\t\t\t\t<\/div>","protected":false},"excerpt":{"rendered":"<p>Skullerud Tannlegesenter Kolbotn Tannklinikk<\/p>","protected":false},"author":1,"featured_media":182,"parent":0,"menu_order":0,"comment_status":"closed","ping_status":"closed","template":"","meta":{"_acf_changed":false,"_yoast_wpseo_focuskw":"skullerud tannlegesenter","_yoast_wpseo_title":"V\u00e5re klinikker | Skullerud Tannlegesenter","_yoast_wpseo_metadesc":"V\u00e5re klinikker best\u00e5r av Skullerud Tannlegesenter og Kolbotn Tannklinikk.","_yoast_wpseo_canonical":"","footnotes":""},"class_list":["post-25","page","type-page","status-publish","has-post-thumbnail","hentry"],"acf":[],"yoast_head":"<!-- This site is optimized with the Yoast SEO Premium plugin v27.2 (Yoast SEO v27.2) - https:\/\/yoast.com\/product\/yoast-seo-premium-wordpress\/ -->\n<title>V\u00e5re klinikker | Skullerud Tannlegesenter<\/title>\n<meta name=\"description\" content=\"V\u00e5re klinikker best\u00e5r av Skullerud Tannlegesenter og Kolbotn Tannklinikk.\" \/>\n<meta name=\"robots\" content=\"index, follow, max-snippet:-1, max-image-preview:large, max-video-preview:-1\" \/>\n<link rel=\"canonical\" href=\"https:\/\/skullerudtannlegesenter.no\/pl\/clinics\/\" \/>\n<meta property=\"og:locale\" content=\"pl_PL\" \/>\n<meta property=\"og:type\" content=\"article\" \/>\n<meta property=\"og:title\" content=\"Klinikker\" \/>\n<meta property=\"og:description\" content=\"V\u00e5re klinikker best\u00e5r av Skullerud Tannlegesenter og Kolbotn Tannklinikk.\" \/>\n<meta property=\"og:url\" content=\"https:\/\/skullerudtannlegesenter.no\/pl\/clinics\/\" \/>\n<meta property=\"og:site_name\" content=\"Skullerud Tannlegesenter\" \/>\n<meta property=\"article:modified_time\" content=\"2026-01-14T15:51:28+00:00\" \/>\n<meta property=\"og:image\" content=\"https:\/\/skullerudtannlegesenter.no\/wp-content\/uploads\/2026\/01\/65a8f45b5b0c95978e4c5bc6_Skullerud-open.png\" \/>\n\t<meta property=\"og:image:width\" content=\"1200\" \/>\n\t<meta property=\"og:image:height\" content=\"625\" \/>\n\t<meta property=\"og:image:type\" content=\"image\/png\" \/>\n<meta name=\"twitter:card\" content=\"summary_large_image\" \/>\n<meta name=\"twitter:label1\" content=\"Szacowany czas czytania\" \/>\n\t<meta name=\"twitter:data1\" content=\"1 minuta\" \/>\n<script type=\"application\/ld+json\" class=\"yoast-schema-graph\">{\"@context\":\"https:\/\/schema.org\",\"@graph\":[{\"@type\":\"WebPage\",\"@id\":\"https:\/\/skullerudtannlegesenter.no\/clinics\/\",\"url\":\"https:\/\/skullerudtannlegesenter.no\/clinics\/\",\"name\":\"V\u00e5re klinikker | Skullerud Tannlegesenter\",\"isPartOf\":{\"@id\":\"https:\/\/skullerudtannlegesenter.no\/#website\"},\"primaryImageOfPage\":{\"@id\":\"https:\/\/skullerudtannlegesenter.no\/clinics\/#primaryimage\"},\"image\":{\"@id\":\"https:\/\/skullerudtannlegesenter.no\/clinics\/#primaryimage\"},\"thumbnailUrl\":\"https:\/\/skullerudtannlegesenter.no\/wp-content\/uploads\/2026\/01\/65a8f45b5b0c95978e4c5bc6_Skullerud-open.png\",\"datePublished\":\"2026-01-12T13:40:14+00:00\",\"dateModified\":\"2026-01-14T15:51:28+00:00\",\"description\":\"V\u00e5re klinikker best\u00e5r av Skullerud Tannlegesenter og Kolbotn Tannklinikk.\",\"breadcrumb\":{\"@id\":\"https:\/\/skullerudtannlegesenter.no\/clinics\/#breadcrumb\"},\"inLanguage\":\"pl-PL\",\"potentialAction\":[{\"@type\":\"ReadAction\",\"target\":[\"https:\/\/skullerudtannlegesenter.no\/clinics\/\"]}]},{\"@type\":\"ImageObject\",\"inLanguage\":\"pl-PL\",\"@id\":\"https:\/\/skullerudtannlegesenter.no\/clinics\/#primaryimage\",\"url\":\"https:\/\/skullerudtannlegesenter.no\/wp-content\/uploads\/2026\/01\/65a8f45b5b0c95978e4c5bc6_Skullerud-open.png\",\"contentUrl\":\"https:\/\/skullerudtannlegesenter.no\/wp-content\/uploads\/2026\/01\/65a8f45b5b0c95978e4c5bc6_Skullerud-open.png\",\"width\":1200,\"height\":625},{\"@type\":\"BreadcrumbList\",\"@id\":\"https:\/\/skullerudtannlegesenter.no\/clinics\/#breadcrumb\",\"itemListElement\":[{\"@type\":\"ListItem\",\"position\":1,\"name\":\"Hjem\",\"item\":\"https:\/\/skullerudtannlegesenter.no\/\"},{\"@type\":\"ListItem\",\"position\":2,\"name\":\"Klinikker\"}]},{\"@type\":\"WebSite\",\"@id\":\"https:\/\/skullerudtannlegesenter.no\/#website\",\"url\":\"https:\/\/skullerudtannlegesenter.no\/\",\"name\":\"Skullerud Tannlegesenter\",\"description\":\"Billig og bra tannlegesenter i Oslo\",\"publisher\":{\"@id\":\"https:\/\/skullerudtannlegesenter.no\/#organization\"},\"potentialAction\":[{\"@type\":\"SearchAction\",\"target\":{\"@type\":\"EntryPoint\",\"urlTemplate\":\"https:\/\/skullerudtannlegesenter.no\/?s={search_term_string}\"},\"query-input\":{\"@type\":\"PropertyValueSpecification\",\"valueRequired\":true,\"valueName\":\"search_term_string\"}}],\"inLanguage\":\"pl-PL\"},{\"@type\":[\"Organization\",\"Place\"],\"@id\":\"https:\/\/skullerudtannlegesenter.no\/#organization\",\"name\":\"Skullerud Tannlegesenter\",\"url\":\"https:\/\/skullerudtannlegesenter.no\/\",\"logo\":{\"@id\":\"https:\/\/skullerudtannlegesenter.no\/clinics\/#local-main-organization-logo\"},\"image\":{\"@id\":\"https:\/\/skullerudtannlegesenter.no\/clinics\/#local-main-organization-logo\"},\"telephone\":[],\"openingHoursSpecification\":[{\"@type\":\"OpeningHoursSpecification\",\"dayOfWeek\":[\"Monday\",\"Tuesday\",\"Wednesday\",\"Thursday\",\"Friday\",\"Saturday\",\"Sunday\"],\"opens\":\"09:00\",\"closes\":\"17:00\"}]},{\"@type\":\"ImageObject\",\"inLanguage\":\"pl-PL\",\"@id\":\"https:\/\/skullerudtannlegesenter.no\/clinics\/#local-main-organization-logo\",\"url\":\"https:\/\/skullerudtannlegesenter.no\/wp-content\/uploads\/2026\/01\/svgexport-1.png\",\"contentUrl\":\"https:\/\/skullerudtannlegesenter.no\/wp-content\/uploads\/2026\/01\/svgexport-1.png\",\"width\":1931,\"height\":1062,\"caption\":\"Skullerud Tannlegesenter\"}]}<\/script>\n<!-- \/ Yoast SEO Premium plugin. -->","yoast_head_json":{"title":"V\u00e5re klinikker | Skullerud Tannlegesenter","description":"V\u00e5re klinikker best\u00e5r av Skullerud Tannlegesenter og Kolbotn Tannklinikk.","robots":{"index":"index","follow":"follow","max-snippet":"max-snippet:-1","max-image-preview":"max-image-preview:large","max-video-preview":"max-video-preview:-1"},"canonical":"https:\/\/skullerudtannlegesenter.no\/pl\/clinics\/","og_locale":"pl_PL","og_type":"article","og_title":"Klinikker","og_description":"V\u00e5re klinikker best\u00e5r av Skullerud Tannlegesenter og Kolbotn Tannklinikk.","og_url":"https:\/\/skullerudtannlegesenter.no\/pl\/clinics\/","og_site_name":"Skullerud Tannlegesenter","article_modified_time":"2026-01-14T15:51:28+00:00","og_image":[{"width":1200,"height":625,"url":"https:\/\/skullerudtannlegesenter.no\/wp-content\/uploads\/2026\/01\/65a8f45b5b0c95978e4c5bc6_Skullerud-open.png","type":"image\/png"}],"twitter_card":"summary_large_image","twitter_misc":{"Szacowany czas czytania":"1 minuta"},"schema":{"@context":"https:\/\/schema.org","@graph":[{"@type":"WebPage","@id":"https:\/\/skullerudtannlegesenter.no\/clinics\/","url":"https:\/\/skullerudtannlegesenter.no\/clinics\/","name":"V\u00e5re klinikker | Skullerud Tannlegesenter","isPartOf":{"@id":"https:\/\/skullerudtannlegesenter.no\/#website"},"primaryImageOfPage":{"@id":"https:\/\/skullerudtannlegesenter.no\/clinics\/#primaryimage"},"image":{"@id":"https:\/\/skullerudtannlegesenter.no\/clinics\/#primaryimage"},"thumbnailUrl":"https:\/\/skullerudtannlegesenter.no\/wp-content\/uploads\/2026\/01\/65a8f45b5b0c95978e4c5bc6_Skullerud-open.png","datePublished":"2026-01-12T13:40:14+00:00","dateModified":"2026-01-14T15:51:28+00:00","description":"V\u00e5re klinikker best\u00e5r av Skullerud Tannlegesenter og Kolbotn Tannklinikk.","breadcrumb":{"@id":"https:\/\/skullerudtannlegesenter.no\/clinics\/#breadcrumb"},"inLanguage":"pl-PL","potentialAction":[{"@type":"ReadAction","target":["https:\/\/skullerudtannlegesenter.no\/clinics\/"]}]},{"@type":"ImageObject","inLanguage":"pl-PL","@id":"https:\/\/skullerudtannlegesenter.no\/clinics\/#primaryimage","url":"https:\/\/skullerudtannlegesenter.no\/wp-content\/uploads\/2026\/01\/65a8f45b5b0c95978e4c5bc6_Skullerud-open.png","contentUrl":"https:\/\/skullerudtannlegesenter.no\/wp-content\/uploads\/2026\/01\/65a8f45b5b0c95978e4c5bc6_Skullerud-open.png","width":1200,"height":625},{"@type":"BreadcrumbList","@id":"https:\/\/skullerudtannlegesenter.no\/clinics\/#breadcrumb","itemListElement":[{"@type":"ListItem","position":1,"name":"Hjem","item":"https:\/\/skullerudtannlegesenter.no\/"},{"@type":"ListItem","position":2,"name":"Klinikker"}]},{"@type":"WebSite","@id":"https:\/\/skullerudtannlegesenter.no\/#website","url":"https:\/\/skullerudtannlegesenter.no\/","name":"Skullerud Tannlegesenter","description":"Billig og bra tannlegesenter i Oslo","publisher":{"@id":"https:\/\/skullerudtannlegesenter.no\/#organization"},"potentialAction":[{"@type":"SearchAction","target":{"@type":"EntryPoint","urlTemplate":"https:\/\/skullerudtannlegesenter.no\/?s={search_term_string}"},"query-input":{"@type":"PropertyValueSpecification","valueRequired":true,"valueName":"search_term_string"}}],"inLanguage":"pl-PL"},{"@type":["Organization","Place"],"@id":"https:\/\/skullerudtannlegesenter.no\/#organization","name":"Skullerud Tannlegesenter","url":"https:\/\/skullerudtannlegesenter.no\/","logo":{"@id":"https:\/\/skullerudtannlegesenter.no\/clinics\/#local-main-organization-logo"},"image":{"@id":"https:\/\/skullerudtannlegesenter.no\/clinics\/#local-main-organization-logo"},"telephone":[],"openingHoursSpecification":[{"@type":"OpeningHoursSpecification","dayOfWeek":["Monday","Tuesday","Wednesday","Thursday","Friday","Saturday","Sunday"],"opens":"09:00","closes":"17:00"}]},{"@type":"ImageObject","inLanguage":"pl-PL","@id":"https:\/\/skullerudtannlegesenter.no\/clinics\/#local-main-organization-logo","url":"https:\/\/skullerudtannlegesenter.no\/wp-content\/uploads\/2026\/01\/svgexport-1.png","contentUrl":"https:\/\/skullerudtannlegesenter.no\/wp-content\/uploads\/2026\/01\/svgexport-1.png","width":1931,"height":1062,"caption":"Skullerud Tannlegesenter"}]}},"_links":{"self":[{"href":"https:\/\/skullerudtannlegesenter.no\/pl\/wp-json\/wp\/v2\/pages\/25","targetHints":{"allow":["GET"]}}],"collection":[{"href":"https:\/\/skullerudtannlegesenter.no\/pl\/wp-json\/wp\/v2\/pages"}],"about":[{"href":"https:\/\/skullerudtannlegesenter.no\/pl\/wp-json\/wp\/v2\/types\/page"}],"author":[{"embeddable":true,"href":"https:\/\/skullerudtannlegesenter.no\/pl\/wp-json\/wp\/v2\/users\/1"}],"replies":[{"embeddable":true,"href":"https:\/\/skullerudtannlegesenter.no\/pl\/wp-json\/wp\/v2\/comments?post=25"}],"version-history":[{"count":4,"href":"https:\/\/skullerudtannlegesenter.no\/pl\/wp-json\/wp\/v2\/pages\/25\/revisions"}],"predecessor-version":[{"id":727,"href":"https:\/\/skullerudtannlegesenter.no\/pl\/wp-json\/wp\/v2\/pages\/25\/revisions\/727"}],"wp:featuredmedia":[{"embeddable":true,"href":"https:\/\/skullerudtannlegesenter.no\/pl\/wp-json\/wp\/v2\/media\/182"}],"wp:attachment":[{"href":"https:\/\/skullerudtannlegesenter.no\/pl\/wp-json\/wp\/v2\/media?parent=25"}],"curies":[{"name":"wp","href":"https:\/\/api.w.org\/{rel}","templated":true}]}}